{"id":15,"date":"2011-02-28T22:34:16","date_gmt":"2011-02-28T22:34:16","guid":{"rendered":"http:\/\/www.danielmendelsohn.com\/francaise\/?page_id=15"},"modified":"2020-09-14T16:25:37","modified_gmt":"2020-09-14T16:25:37","slug":"lisezecoutez","status":"publish","type":"page","link":"https:\/\/www.danielmendelsohn.com\/francaise\/lisezecoutez","title":{"rendered":"Presse"},"content":{"rendered":"<p><img loading=\"lazy\" decoding=\"async\" src=\"http:\/\/www.danielmendelsohn.com\/spacer.png\" width=\"275\" height=\"25\" style=\"margin: 0px;\"\/><\/p>\n<table width=\"835\" border=\"0\" cellspacing=\"0\" cellpadding=\"0\">\n<tr>\n<td width=\"238\" valign=\"top\">&nbsp;<\/td>\n<td width=\"350\" valign=\"top\" align=\"left\">\n<div class=\"box3\">\n<p><img loading=\"lazy\" decoding=\"async\" src=\"http:\/\/www.danielmendelsohn.com\/spacer.png\" width=\"540\" height=\"10\" style=\"margin: 0px;\"\/><br \/>\n<span class=\"title\"><em>TROIS ANNEAUX (2020)<\/em><\/span><br \/>\n<img loading=\"lazy\" decoding=\"async\" src=\"http:\/\/www.danielmendelsohn.com\/spacer.png\" width=\"540\" height=\"30\" style=\"margin: 0px;\"\/><\/p>\n<p><span class=\"subtitle\">Entretien Crois\u00e9 avec Emmanuel Carr\u00e8re<em>, Le Monde des Livres<\/em><br \/>\n(28 ao\u00fbt 2020)<\/span><br \/>\n<a href=\"http:\/\/www.danielmendelsohn.com\/Trois anneaux le Monde fr 2.pdf\" target=\"_blank\">pdf<\/a><br \/>\n<img loading=\"lazy\" decoding=\"async\" src=\"http:\/\/www.danielmendelsohn.com\/spacer.png\" width=\"540\" height=\"10\" style=\"margin: 0px;\"\/><br \/>\n<img loading=\"lazy\" decoding=\"async\" src=\"http:\/\/www.danielmendelsohn.com\/spacer.png\" width=\"540\" height=\"5\" style=\"margin: 0px;\"\/><\/p>\n<p><img loading=\"lazy\" decoding=\"async\" src=\"http:\/\/www.danielmendelsohn.com\/spacer.png\" width=\"540\" height=\"10\" style=\"margin: 0px;\"\/><br \/>\n<span class=\"title\"><em>UNE ODYSS\u00c9E (2011)<\/em><\/span><br \/>\n<img loading=\"lazy\" decoding=\"async\" src=\"http:\/\/www.danielmendelsohn.com\/spacer.png\" width=\"540\" height=\"30\" style=\"margin: 0px;\"\/><\/p>\n<p><span class=\"subtitle\">Entretien <em>Transfuge<\/em><br \/>\n(17 septembre 2017)<\/span><br \/>\n<a href=\"http:\/\/www.danielmendelsohn.com\/Une Odyss\u00e9e Transfuge.pdf\" target=\"_blank\">pdf><\/a><br \/>\n<img loading=\"lazy\" decoding=\"async\" src=\"http:\/\/www.danielmendelsohn.com\/spacer.png\" width=\"540\" height=\"10\" style=\"margin: 0px;\"\/><br \/>\n<img loading=\"lazy\" decoding=\"async\" src=\"http:\/\/www.danielmendelsohn.com\/spacer.png\" width=\"540\" height=\"5\" style=\"margin: 0px;\"\/><\/p>\n<p><span class=\"subtitle\">Extrait<em>Lire<\/em><br \/>\n(17 septembre 2017)<\/span><br \/>\n<a href=\"http:\/\/www.danielmendelsohn.com\/Une Odyss\u00e9e Lire.pdf\" target=\"_blank\">pdf><\/a><br \/>\n<img loading=\"lazy\" decoding=\"async\" src=\"http:\/\/www.danielmendelsohn.com\/spacer.png\" width=\"540\" height=\"10\" style=\"margin: 0px;\"\/><br \/>\n<img loading=\"lazy\" decoding=\"async\" src=\"http:\/\/www.danielmendelsohn.com\/spacer.png\" width=\"540\" height=\"5\" style=\"margin: 0px;\"\/><\/p>\n<p><span class=\"subtitle\">Interview <em>Le Point<\/em><br \/>\n(17 septembre 2017)<\/span><br \/>\n<a href=\"http:\/\/www.danielmendelsohn.com\/Une Odyss\u00e9e Le Point\" target=\"_blank\">pdf><\/a><br \/>\n<img loading=\"lazy\" decoding=\"async\" src=\"http:\/\/www.danielmendelsohn.com\/spacer.png\" width=\"540\" height=\"10\" style=\"margin: 0px;\"\/><br \/>\n<img loading=\"lazy\" decoding=\"async\" src=\"http:\/\/www.danielmendelsohn.com\/spacer.png\" width=\"540\" height=\"5\" style=\"margin: 0px;\"\/><\/p>\n<p><img loading=\"lazy\" decoding=\"async\" src=\"http:\/\/www.danielmendelsohn.com\/spacer.png\" width=\"540\" height=\"10\" style=\"margin: 0px;\"\/><br \/>\n<span class=\"title\"><em>SI BEAU, SI FRAGILE (2011)<\/em><\/span><br \/>\n<img loading=\"lazy\" decoding=\"async\" src=\"http:\/\/www.danielmendelsohn.com\/spacer.png\" width=\"540\" height=\"30\" style=\"margin: 0px;\"\/><\/p>\n<p><span class=\"subtitle\">Entretien avec Florence Noiville, <em>Le Monde des Livres<\/em><br \/>\n(21 avril 2011)<\/span><br \/>\n<a href=\"http:\/\/www.lemonde.fr\/livres\/article\/2011\/04\/21\/daniel-mendelsohn-distinguer-l-oeuvre-la-vraie-celle-qui-agrandit-la-conscience-de-soi_1510719_3260.html\" target=\"_blank\">lien<\/a><br \/>\n<img loading=\"lazy\" decoding=\"async\" src=\"http:\/\/www.danielmendelsohn.com\/spacer.png\" width=\"540\" height=\"10\" style=\"margin: 0px;\"\/><br \/>\n<img loading=\"lazy\" decoding=\"async\" src=\"http:\/\/www.danielmendelsohn.com\/spacer.png\" width=\"540\" height=\"5\" style=\"margin: 0px;\"\/><\/p>\n<p><span class=\"subtitle\">Entretien <em>Nouvel Observateur<\/em>, avec Didier Jacob<\/span><br \/>\n(14-20 avril 2011)<br \/>\n<a href=\" http:\/\/www.danielmendelsohn.com\/NouvelObsentretien.pdf\" target=\"_blank\">pdf&gt;<\/a><br \/>\n<img loading=\"lazy\" decoding=\"async\" src=\"http:\/\/www.danielmendelsohn.com\/spacer.png\" width=\"540\" height=\"10\" style=\"margin: 0px;\"\/><br \/>\n<img loading=\"lazy\" decoding=\"async\" src=\"http:\/\/www.danielmendelsohn.com\/spacer.png\" width=\"540\" height=\"5\" style=\"margin: 0px;\"\/><\/p>\n<p><span class=\"subtitle\">Article <em>Marianne<\/em>, de Joseph Mac\u00e9-Scaron<\/span><br \/>\n(avril 2011)<br \/>\n<a href=\" http:\/\/www.danielmendelsohn.com\/Marianne.pdf\" target=\"_blank\">pdf&gt;<\/a><br \/>\n<img loading=\"lazy\" decoding=\"async\" src=\"http:\/\/www.danielmendelsohn.com\/spacer.png\" width=\"540\" height=\"10\" style=\"margin: 0px;\"\/><br \/>\n<img loading=\"lazy\" decoding=\"async\" src=\"http:\/\/www.danielmendelsohn.com\/spacer.png\" width=\"540\" height=\"5\" style=\"margin: 0px;\"\/><\/p>\n<p><span class=\"subtitle\">texte <em>My Boox<\/em><\/span><br \/>\n(mars 2011)<br \/>\n<a href=\"http:\/\/www.myboox.fr\/actualite\/si-beau-si-fragile-lecon-de-critique-par-daniel-mendelsohn-6361.html\">lien&gt;<\/a><\/p>\n<p><img loading=\"lazy\" decoding=\"async\" src=\"http:\/\/www.danielmendelsohn.com\/spacer.png\" width=\"540\" height=\"10\" style=\"margin: 0px;\"\/><br \/>\n<img loading=\"lazy\" decoding=\"async\" src=\"http:\/\/www.danielmendelsohn.com\/spacer.png\" width=\"540\" height=\"5\" style=\"margin: 0px;\"\/><\/p>\n<p><span class=\"subtitle\">Le Grand Entretien, avec Fran\u00e7ois Busnel<\/span><br \/>\n(22 mars 2011)<br \/>\n<a href=\"http:\/\/sites.radiofrance.fr\/franceinter\/em\/grand-entretien\/index.php?id=101495\">lien&gt;<\/a><\/p>\n<p><img loading=\"lazy\" decoding=\"async\" src=\"http:\/\/www.danielmendelsohn.com\/spacer.png\" width=\"540\" height=\"10\" style=\"margin: 0px;\"\/><br \/>\n<img loading=\"lazy\" decoding=\"async\" src=\"http:\/\/www.danielmendelsohn.com\/spacer.png\" width=\"540\" height=\"5\" style=\"margin: 0px;\"\/><\/p>\n<p><span class=\"subtitle\">Editorial <em>Transfuge<\/em>, &#8220;L&#8217;Angoisse du critique&#8221;<\/span><br \/>\n(mars 2011)<br \/>\n<a href=\"http:\/\/www.transfuge.fr\/editorial,jaury,255.php\" target=\"_blank\">lien&gt;<\/a><br \/>\n<img loading=\"lazy\" decoding=\"async\" src=\"http:\/\/www.danielmendelsohn.com\/spacer.png\" width=\"540\" height=\"10\" style=\"margin: 0px;\"\/><br \/>\n<img loading=\"lazy\" decoding=\"async\" src=\"http:\/\/www.danielmendelsohn.com\/spacer.png\" width=\"540\" height=\"5\" style=\"margin: 0px;\"\/><\/p>\n<p><span class=\"subtitle\">Grand Entretien <em>Transfuge<\/em><\/span><br \/>\n<a href=\"http:\/\/www.danielmendelsohn.com\/TransfugeCover2011-02.pdf\" target=\"_blank\">pdf&gt;<\/a><br \/>\n<img loading=\"lazy\" decoding=\"async\" src=\"http:\/\/www.danielmendelsohn.com\/spacer.png\" width=\"540\" height=\"35\" style=\"margin: 0px;\"\/><\/p>\n<p><span class=\"title\"><em>L&#8217;\u00c9TREINTE FUGITIVE (2009)<\/em><\/span><\/p>\n<p><img loading=\"lazy\" decoding=\"async\" src=\"http:\/\/www.danielmendelsohn.com\/spacer.png\" width=\"540\" height=\"30\" style=\"margin: 0px;\"\/><\/p>\n<p><span class=\"subtitle\">Profile <em>Transfuge<\/em><\/span><br \/>\n(janvier 2009)<br \/>\n<a href=\"http:\/\/www.danielmendelsohn.com\/ProfileTransfuge.pdf\" target=\"_blank\">pdf<\/a><br \/>\n<img loading=\"lazy\" decoding=\"async\" src=\"http:\/\/www.danielmendelsohn.com\/spacer.png\" width=\"540\" height=\"10\" style=\"margin: 0px;\"\/><br \/>\n<img loading=\"lazy\" decoding=\"async\" src=\"http:\/\/www.danielmendelsohn.com\/spacer.png\" width=\"540\" height=\"5\" style=\"margin: 0px;\"\/><\/p>\n<p><span class=\"subtitle\">Pierre Assouline, <em>La R\u00e9publique des livres<\/em><\/span><br \/>\n(f\u00e9vrier 2009)<br \/>\n<a href=\"http:\/\/passouline.blog.lemonde.fr\/2009\/02\/02\/du-desir-chez-les-grecs-et-les-new-yorkais\" target=\"_blank\">lien&gt;<\/a><\/p>\n<p><img loading=\"lazy\" decoding=\"async\" src=\"http:\/\/www.danielmendelsohn.com\/spacer.png\" width=\"540\" height=\"10\" style=\"margin: 0px;\"\/><br \/>\n<img loading=\"lazy\" decoding=\"async\" src=\"http:\/\/www.danielmendelsohn.com\/spacer.png\" width=\"540\" height=\"5\" style=\"margin: 0px;\"\/><\/p>\n<p><span class=\"subtitle\">Entretien <em>LIRE<\/em><\/span><br \/>\n(f\u00e9vrier 2009)<br \/>\n<a href=\"http:\/\/www.lexpress.fr\/culture\/livre\/la-marche-de-mendelsohn_823328.html\" target=\"_blank\">lien&gt;<\/a><\/p>\n<p><img loading=\"lazy\" decoding=\"async\" src=\"http:\/\/www.danielmendelsohn.com\/spacer.png\" width=\"540\" height=\"10\" style=\"margin: 0px;\"\/><br \/>\n<img loading=\"lazy\" decoding=\"async\" src=\"http:\/\/www.danielmendelsohn.com\/spacer.png\" width=\"540\" height=\"5\" style=\"margin: 0px;\"\/><\/p>\n<p><span class=\"subtitle\">Interview <em>Rue 89<\/em><\/span><br \/>\n(f\u00e9vrier 2009)<br \/>\n<a href=\"http:\/\/www.totalvod.com\/31-01-09\/gratuit\/interview-de-l-ecrivain-americain-daniel-mendelsohn-2-3-1015736.html\" target=\"_blank\">lien&gt;<\/a><\/p>\n<p><img loading=\"lazy\" decoding=\"async\" src=\"http:\/\/www.danielmendelsohn.com\/spacer.png\" width=\"540\" height=\"10\" style=\"margin: 0px;\"\/><br \/>\n<img loading=\"lazy\" decoding=\"async\" src=\"http:\/\/www.danielmendelsohn.com\/spacer.png\" width=\"540\" height=\"5\" style=\"margin: 0px;\"\/><\/p>\n<p><span class=\"subtitle\">Conversation YouTube<\/span><br \/>\n(f\u00e9vrier 2009)<br \/>\n<a href=\"http:\/\/www.youtube.com\/watch?v=Bv3YjsHtUOo\" target=\"_blank\">lien&gt;<\/a><\/p>\n<p><img loading=\"lazy\" decoding=\"async\" src=\"http:\/\/www.danielmendelsohn.com\/spacer.png\" width=\"540\" height=\"35\" style=\"margin: 0px;\"\/><\/p>\n<p><span class=\"title\"><em>LES DISPARUS (2007)<\/em><\/span><br \/>\n<img loading=\"lazy\" decoding=\"async\" src=\"http:\/\/www.danielmendelsohn.com\/spacer.png\" width=\"540\" height=\"30\" style=\"margin: 0px;\"\/><\/p>\n<p><span class=\"subtitle\">Fran\u00e7ois Busnel, <em>L&#8217;express<\/em><\/span><br \/>\n(septembre 2007)<br \/>\n<a href=\"http:\/\/www.danielmendelsohn.com\/DisparusLexpress.pdf\" target=\"_blank\">lien&gt;<\/a><\/p>\n<p><img loading=\"lazy\" decoding=\"async\" src=\"http:\/\/www.danielmendelsohn.com\/spacer.png\" width=\"540\" height=\"10\" style=\"margin: 0px;\"\/><br \/>\n<img loading=\"lazy\" decoding=\"async\" src=\"http:\/\/www.danielmendelsohn.com\/spacer.png\" width=\"540\" height=\"5\" style=\"margin: 0px;\"\/><\/p>\n<p><span class=\"subtitle\">Philippe Vallet, <em>Le livre du jour<\/em>, France Info<\/span><br \/>\n(novembre 2007)<br \/>\n<a href=\"http:\/\/www.france-info.com\/chroniques-le-livre-du-jour-2007-11-13-les-disparus-de-daniel-mendelsohn-37013-81-176.html\" target=\"_blank\">lien&gt;<\/a><\/p>\n<p><img loading=\"lazy\" decoding=\"async\" src=\"http:\/\/www.danielmendelsohn.com\/spacer.png\" width=\"540\" height=\"10\" style=\"margin: 0px;\"\/><br \/>\n<img loading=\"lazy\" decoding=\"async\" src=\"http:\/\/www.danielmendelsohn.com\/spacer.png\" width=\"540\" height=\"5\" style=\"margin: 0px;\"\/><\/p>\n<p><span class=\"subtitle\">Fran\u00e7ois Busnel, <em>\u00c0 livre ouvert<\/em>, France Info<\/span><br \/>\n(novembre 2007)<br \/>\n<a href=\"http:\/\/www.france-info.com\/chroniques-a-livre-ouvert-2007-11-18-le-succes-du-livre-de-daniel-mendelsohn-les-disparus-38978-81-127.html\" target=\"_blank\">lien&gt;<\/a><\/p>\n<p><img loading=\"lazy\" decoding=\"async\" src=\"http:\/\/www.danielmendelsohn.com\/spacer.png\" width=\"540\" height=\"10\" style=\"margin: 0px;\"\/><br \/>\n<img loading=\"lazy\" decoding=\"async\" src=\"http:\/\/www.danielmendelsohn.com\/spacer.png\" width=\"540\" height=\"5\" style=\"margin: 0px;\"\/><\/p>\n<p><span class=\"subtitle\">Entretien <em>LIRE<\/em><\/span><br \/>\n(septembre 2007)<br \/>\n<a href=\"http:\/\/www.lexpress.fr\/culture\/livre\/daniel-mendelsohn_812825.html\" target=\"_blank\">lien&gt;<\/a><\/p>\n<p><img loading=\"lazy\" decoding=\"async\" src=\"http:\/\/www.danielmendelsohn.com\/spacer.png\" width=\"540\" height=\"10\" style=\"margin: 0px;\"\/><br \/>\n<img loading=\"lazy\" decoding=\"async\" src=\"http:\/\/www.danielmendelsohn.com\/spacer.png\" width=\"540\" height=\"5\" style=\"margin: 0px;\"\/><\/p>\n<p><span class=\"subtitle\">Entretien <em>Transfuge<\/em>, avec Myriam Anissimov<\/span><br \/>\n(novembre-d\u00e9cembre 2007)<br \/>\n<a href=\"http:\/\/www.danielmendelsohn.com\/DisparusTransfuge.pdf\" target=\"_blank\">lien&gt;<\/a><\/p>\n<p><img loading=\"lazy\" decoding=\"async\" src=\"http:\/\/www.danielmendelsohn.com\/spacer.png\" width=\"540\" height=\"10\" style=\"margin: 0px;\"\/><br \/>\n<img loading=\"lazy\" decoding=\"async\" src=\"http:\/\/www.danielmendelsohn.com\/spacer.png\" width=\"540\" height=\"5\" style=\"margin: 0px;\"\/><\/p>\n<p><span class=\"subtitle\">Essai de Ivan Jablonka, <em>La Vie des Id\u00e9es<\/em><\/span><br \/>\n(novembre 2007)<br \/>\n<a href=\"http:\/\/www.laviedesidees.fr\/Comment-raconter-la-Shoah.html?lang=fr\" target=\"_blank\">lien&gt;<\/a><\/p>\n<p><img loading=\"lazy\" decoding=\"async\" src=\"http:\/\/www.danielmendelsohn.com\/spacer.png\" width=\"540\" height=\"10\" style=\"margin: 0px;\"\/><br \/>\n<img loading=\"lazy\" decoding=\"async\" src=\"http:\/\/www.danielmendelsohn.com\/spacer.png\" width=\"540\" height=\"5\" style=\"margin: 0px;\"\/><\/p>\n<p><span class=\"subtitle\">Rencontre Daniel Mendelsohn &#8211; P\u00e8re Desbois \u00e0 FNAC<\/span><br \/>\n(janvier 2008)<br \/>\n<a href=\"http:\/\/www.youtube.com\/watch?v=nRqo32hHjGM\" target=\"_blank\">lien&gt;<\/a><br \/>\n<img loading=\"lazy\" decoding=\"async\" src=\"http:\/\/www.danielmendelsohn.com\/spacer.png\" width=\"540\" height=\"35\" style=\"margin: 0px;\"\/><\/p>\n<p><span class=\"title\">\u00c0 PROPOS DE PROUST<\/span><br \/>\n<img loading=\"lazy\" decoding=\"async\" src=\"http:\/\/www.danielmendelsohn.com\/spacer.png\" width=\"540\" height=\"30\" style=\"margin: 0px;\"\/><\/p>\n<p><span class=\"subtitle\">Interview <em>Revue des Deux Mondes<\/em>: Proust Vu de l&#8217;Am\u00e9rique<\/span><br \/>\n<a href=\"http:\/\/www.danielmendelsohn.com\/RevueDes2MondesProust.pdf\" target=\"_blank\">pdf ><\/a><br \/>\n<img loading=\"lazy\" decoding=\"async\" src=\"http:\/\/www.danielmendelsohn.com\/spacer.png\" width=\"540\" height=\"10\" style=\"margin: 0px;\"\/><br \/>\n<img loading=\"lazy\" decoding=\"async\" src=\"http:\/\/www.danielmendelsohn.com\/spacer.png\" width=\"540\" height=\"5\" style=\"margin: 0px;\"\/><\/p>\n<p><span class=\"subtitle\">Rencontre Th\u00e9\u00e2tre de l&#8217;Od\u00e9on<\/span><br \/>\n(mars 2010)<br \/>\n <a href=\"http:\/\/obsvideo.nouvelobs.com\/video\/xcrlw2_video.html\" target=\"_blank\">lien&gt;<\/a><br \/>\n<img loading=\"lazy\" decoding=\"async\" src=\"http:\/\/www.danielmendelsohn.com\/spacer.png\" width=\"540\" height=\"10\" style=\"margin: 0px;\"\/><br \/>\n<img loading=\"lazy\" decoding=\"async\" src=\"http:\/\/www.danielmendelsohn.com\/spacer.png\" width=\"540\" height=\"5\" style=\"margin: 0px;\"\/><\/p>\n<p><span class=\"subtitle\"><em>Magazine Litt\u00e9raire<\/em><\/span><br \/>\n(avril 2009)<br \/>\n <a href=\"http:\/\/www.danielmendelsohn.com\/ProustMagazineLitteraire.pdf\" target=\"_blank\">pdf<\/a><\/p>\n<p><img loading=\"lazy\" decoding=\"async\" src=\"http:\/\/www.danielmendelsohn.com\/spacer.png\" width=\"540\" height=\"35\" style=\"margin: 0px;\"\/><\/p>\n<\/div>\n<\/td>\n<td width=\"238\" valign=\"top\">&nbsp;<\/td>\n<\/tr>\n<\/table>\n<p><img loading=\"lazy\" decoding=\"async\" src=\"http:\/\/www.danielmendelsohn.com\/spacer.png\" width=\"275\" height=\"25\" style=\"margin: 0px;\"\/><\/p>\n","protected":false},"excerpt":{"rendered":"<p>&nbsp; TROIS ANNEAUX (2020) Entretien Crois\u00e9 avec Emmanuel Carr\u00e8re, Le Monde des Livres (28 ao\u00fbt 2020) pdf UNE ODYSS\u00c9E (2011) Entretien Transfuge (17 septembre 2017) pdf> ExtraitLire (17 septembre 2017) pdf> Interview Le Point (17 septembre 2017) pdf> SI BEAU, SI FRAGILE (2011) Entretien avec Florence Noiville, Le Monde des Livres (21 avril 2011) lien [&hellip;]<\/p>\n","protected":false},"author":1,"featured_media":0,"parent":0,"menu_order":0,"comment_status":"closed","ping_status":"open","template":"onecolumn-page.php","meta":{"footnotes":""},"class_list":["post-15","page","type-page","status-publish","hentry"],"_links":{"self":[{"href":"https:\/\/www.danielmendelsohn.com\/francaise\/wp-json\/wp\/v2\/pages\/15","targetHints":{"allow":["GET"]}}],"collection":[{"href":"https:\/\/www.danielmendelsohn.com\/francaise\/wp-json\/wp\/v2\/pages"}],"about":[{"href":"https:\/\/www.danielmendelsohn.com\/francaise\/wp-json\/wp\/v2\/types\/page"}],"author":[{"embeddable":true,"href":"https:\/\/www.danielmendelsohn.com\/francaise\/wp-json\/wp\/v2\/users\/1"}],"replies":[{"embeddable":true,"href":"https:\/\/www.danielmendelsohn.com\/francaise\/wp-json\/wp\/v2\/comments?post=15"}],"version-history":[{"count":90,"href":"https:\/\/www.danielmendelsohn.com\/francaise\/wp-json\/wp\/v2\/pages\/15\/revisions"}],"predecessor-version":[{"id":494,"href":"https:\/\/www.danielmendelsohn.com\/francaise\/wp-json\/wp\/v2\/pages\/15\/revisions\/494"}],"wp:attachment":[{"href":"https:\/\/www.danielmendelsohn.com\/francaise\/wp-json\/wp\/v2\/media?parent=15"}],"curies":[{"name":"wp","href":"https:\/\/api.w.org\/{rel}","templated":true}]}}