{"id":18,"date":"2011-02-28T22:34:38","date_gmt":"2011-02-28T22:34:38","guid":{"rendered":"http:\/\/www.danielmendelsohn.com\/francaise\/?page_id=18"},"modified":"2020-10-06T15:22:06","modified_gmt":"2020-10-06T15:22:06","slug":"agenda","status":"publish","type":"page","link":"https:\/\/www.danielmendelsohn.com\/francaise\/agenda","title":{"rendered":"Agenda"},"content":{"rendered":"<p><img loading=\"lazy\" decoding=\"async\" src=\"http:\/\/www.danielmendelsohn.com\/spacer.png\" width=\"275\" height=\"25\" style=\"margin: 0px;\"\/><\/p>\n<table width=\"835\" border=\"0\" cellspacing=\"0\" cellpadding=\"0\">\n<tr>\n<td width=\"238\" valign=\"top\">&nbsp;<\/td>\n<td width=\"350\" valign=\"top\" align=\"left\">\n<div class=\"box3\">\n<span class=\"title\">AGENDA<\/span><\/p>\n<p><img loading=\"lazy\" decoding=\"async\" src=\"http:\/\/www.danielmendelsohn.com\/spacer.png\" width=\"540\" height=\"35\" style=\"margin: 0px;\"\/><\/p>\n<p><img loading=\"lazy\" decoding=\"async\" src=\"http:\/\/www.danielmendelsohn.com\/spacer.png\" width=\"540\" height=\"10\" style=\"margin: 0px;\"\/><br \/>\n<img loading=\"lazy\" decoding=\"async\" src=\"http:\/\/www.danielmendelsohn.com\/spacer.png\" width=\"540\" height=\"5\" style=\"margin: 0px;\"\/><br \/>\n<img loading=\"lazy\" decoding=\"async\" src=\"http:\/\/www.danielmendelsohn.com\/spacer.png\" width=\"540\" height=\"5\" style=\"margin: 0px;\"\/><\/p>\n<p><span class=\"title\">RENTR\u00c9E LITT\u00c9RAIRE 2020:<br \/>\n<img loading=\"lazy\" decoding=\"async\" src=\"http:\/\/www.danielmendelsohn.com\/spacer.png\" width=\"540\" height=\"5\" style=\"margin: 0px;\"\/><br \/>\n&#8220;TROIS ANNEAUX: Un conte d&#8217;exils&#8221;<br \/>\n<img loading=\"lazy\" decoding=\"async\" src=\"http:\/\/www.danielmendelsohn.com\/spacer.png\" width=\"540\" height=\"10\" style=\"margin: 0px;\"\/><br \/>\n<em>NB: TOUTES LES RENCONTRES SERONT VIRTUELLES<\/em><br \/>\n<img loading=\"lazy\" decoding=\"async\" src=\"http:\/\/www.danielmendelsohn.com\/spacer.png\" width=\"540\" height=\"10\" style=\"margin: 0px;\"\/><br \/>\n<img loading=\"lazy\" decoding=\"async\" src=\"http:\/\/www.danielmendelsohn.com\/spacer.png\" width=\"540\" height=\"10\" style=\"margin: 0px;\"\/><br \/>\n<\/span><\/p>\n<p><img loading=\"lazy\" decoding=\"async\" src=\"http:\/\/www.danielmendelsohn.com\/spacer.png\" width=\"540\" height=\"35\" style=\"margin: 0px;\"\/><\/p>\n<p><img loading=\"lazy\" decoding=\"async\" src=\"http:\/\/www.danielmendelsohn.com\/spacer.png\" width=\"540\" height=\"10\" style=\"margin: 0px;\"\/><br \/>\n<img loading=\"lazy\" decoding=\"async\" src=\"http:\/\/www.danielmendelsohn.com\/spacer.png\" width=\"540\" height=\"5\" style=\"margin: 0px;\"\/><br \/>\n<img loading=\"lazy\" decoding=\"async\" src=\"http:\/\/www.danielmendelsohn.com\/spacer.png\" width=\"540\" height=\"5\" style=\"margin: 0px;\"\/><\/p>\n<p><span class=\"subtitle\">21 septembre 2020<\/span><br \/>\n<img loading=\"lazy\" decoding=\"async\" src=\"http:\/\/www.danielmendelsohn.com\/spacer.png\" width=\"275\" height=\"4\" style=\"margin: 0px;\"\/><br \/>\nBrest<br \/>\nLibrairie Dialogues, \u00e0 18h00<br \/>\n\u00c0 propos de &#8220;Trois Anneaux&#8221;<br \/>\n<a href=\"https:\/\/www.facebook.com\/events\/632032107497690\/\">lien ><\/a><\/p>\n<p><img loading=\"lazy\" decoding=\"async\" src=\"http:\/\/www.danielmendelsohn.com\/spacer.png\" width=\"540\" height=\"10\" style=\"margin: 0px;\"\/><br \/>\n<img loading=\"lazy\" decoding=\"async\" src=\"http:\/\/www.danielmendelsohn.com\/spacer.png\" width=\"540\" height=\"5\" style=\"margin: 0px;\"\/><br \/>\n<img loading=\"lazy\" decoding=\"async\" src=\"http:\/\/www.danielmendelsohn.com\/spacer.png\" width=\"540\" height=\"5\" style=\"margin: 0px;\"\/><\/p>\n<p><span class=\"subtitle\">30 septembre \u00e0 20h00<\/span><br \/>\n<img loading=\"lazy\" decoding=\"async\" src=\"http:\/\/www.danielmendelsohn.com\/spacer.png\" width=\"275\" height=\"4\" style=\"margin: 0px;\"\/><br \/>\nRadio: France Inter<br \/>\n&#8220;L&#8217;Heure bleue,&#8221; avec Laure Adler<br \/>\n<a href=\"https:\/\/www.franceinter.fr\/emissions\/l-heure-bleue\/l-heure-bleue-30-septembre-2020\">lien ><\/a><\/p>\n<p><img loading=\"lazy\" decoding=\"async\" src=\"http:\/\/www.danielmendelsohn.com\/spacer.png\" width=\"540\" height=\"10\" style=\"margin: 0px;\"\/><br \/>\n<img loading=\"lazy\" decoding=\"async\" src=\"http:\/\/www.danielmendelsohn.com\/spacer.png\" width=\"540\" height=\"5\" style=\"margin: 0px;\"\/><br \/>\n<img loading=\"lazy\" decoding=\"async\" src=\"http:\/\/www.danielmendelsohn.com\/spacer.png\" width=\"540\" height=\"5\" style=\"margin: 0px;\"\/><\/p>\n<p><span class=\"subtitle\">16 octobre 2020 \u00e0 16h00<\/span><br \/>\n<img loading=\"lazy\" decoding=\"async\" src=\"http:\/\/www.danielmendelsohn.com\/spacer.png\" width=\"275\" height=\"4\" style=\"margin: 0px;\"\/><br \/>\nBordeaux<br \/>\nLibrairie Mollat<br \/>\n<a href=\"https:\/\/www.mollat.com\/evenements\">lien ><\/a><\/p>\n<p><img loading=\"lazy\" decoding=\"async\" src=\"http:\/\/www.danielmendelsohn.com\/spacer.png\" width=\"540\" height=\"10\" style=\"margin: 0px;\"\/><br \/>\n<img loading=\"lazy\" decoding=\"async\" src=\"http:\/\/www.danielmendelsohn.com\/spacer.png\" width=\"540\" height=\"5\" style=\"margin: 0px;\"\/><br \/>\n<img loading=\"lazy\" decoding=\"async\" src=\"http:\/\/www.danielmendelsohn.com\/spacer.png\" width=\"540\" height=\"5\" style=\"margin: 0px;\"\/><br \/>\n<img loading=\"lazy\" decoding=\"async\" src=\"http:\/\/www.danielmendelsohn.com\/spacer.png\" width=\"540\" height=\"5\" style=\"margin: 0px;\"\/><\/p>\n<p><span class=\"subtitle\">20 octobre 2020<\/span><br \/>\n<img loading=\"lazy\" decoding=\"async\" src=\"http:\/\/www.danielmendelsohn.com\/spacer.png\" width=\"275\" height=\"4\" style=\"margin: 0px;\"\/><br \/>\nFnac Suisse, \u00e0 17h30<br \/>\n\u00c0 propos de &#8220;Trois Anneaux&#8221;<br \/>\n<a href=\"https:\/\/www.fr.fnac.ch\/Daniel-Mendelsohn\/ia643417\">lien ><\/a><\/p>\n<p><img loading=\"lazy\" decoding=\"async\" src=\"http:\/\/www.danielmendelsohn.com\/spacer.png\" width=\"540\" height=\"10\" style=\"margin: 0px;\"\/><br \/>\n<img loading=\"lazy\" decoding=\"async\" src=\"http:\/\/www.danielmendelsohn.com\/spacer.png\" width=\"540\" height=\"5\" style=\"margin: 0px;\"\/><br \/>\n<img loading=\"lazy\" decoding=\"async\" src=\"http:\/\/www.danielmendelsohn.com\/spacer.png\" width=\"540\" height=\"5\" style=\"margin: 0px;\"\/><\/p><\/div>\n<\/td>\n<td width=\"238\" valign=\"top\">&nbsp;<\/td>\n<\/tr>\n<\/table>\n<p><img loading=\"lazy\" decoding=\"async\" src=\"http:\/\/www.danielmendelsohn.com\/spacer.png\" width=\"275\" height=\"25\" style=\"margin: 0px;\"\/><\/p>\n","protected":false},"excerpt":{"rendered":"<p>&nbsp; AGENDA RENTR\u00c9E LITT\u00c9RAIRE 2020: &#8220;TROIS ANNEAUX: Un conte d&#8217;exils&#8221; NB: TOUTES LES RENCONTRES SERONT VIRTUELLES 21 septembre 2020 Brest Librairie Dialogues, \u00e0 18h00 \u00c0 propos de &#8220;Trois Anneaux&#8221; lien > 30 septembre \u00e0 20h00 Radio: France Inter &#8220;L&#8217;Heure bleue,&#8221; avec Laure Adler lien > 16 octobre 2020 \u00e0 16h00 Bordeaux Librairie Mollat lien > [&hellip;]<\/p>\n","protected":false},"author":1,"featured_media":0,"parent":0,"menu_order":0,"comment_status":"closed","ping_status":"open","template":"onecolumn-page.php","meta":{"footnotes":""},"class_list":["post-18","page","type-page","status-publish","hentry"],"_links":{"self":[{"href":"https:\/\/www.danielmendelsohn.com\/francaise\/wp-json\/wp\/v2\/pages\/18","targetHints":{"allow":["GET"]}}],"collection":[{"href":"https:\/\/www.danielmendelsohn.com\/francaise\/wp-json\/wp\/v2\/pages"}],"about":[{"href":"https:\/\/www.danielmendelsohn.com\/francaise\/wp-json\/wp\/v2\/types\/page"}],"author":[{"embeddable":true,"href":"https:\/\/www.danielmendelsohn.com\/francaise\/wp-json\/wp\/v2\/users\/1"}],"replies":[{"embeddable":true,"href":"https:\/\/www.danielmendelsohn.com\/francaise\/wp-json\/wp\/v2\/comments?post=18"}],"version-history":[{"count":63,"href":"https:\/\/www.danielmendelsohn.com\/francaise\/wp-json\/wp\/v2\/pages\/18\/revisions"}],"predecessor-version":[{"id":511,"href":"https:\/\/www.danielmendelsohn.com\/francaise\/wp-json\/wp\/v2\/pages\/18\/revisions\/511"}],"wp:attachment":[{"href":"https:\/\/www.danielmendelsohn.com\/francaise\/wp-json\/wp\/v2\/media?parent=18"}],"curies":[{"name":"wp","href":"https:\/\/api.w.org\/{rel}","templated":true}]}}