{"id":416,"date":"2020-09-08T19:35:15","date_gmt":"2020-09-08T19:35:15","guid":{"rendered":"http:\/\/www.danielmendelsohn.com\/francaise\/?page_id=416"},"modified":"2020-09-11T14:43:08","modified_gmt":"2020-09-11T14:43:08","slug":"trois-anneaux","status":"publish","type":"page","link":"https:\/\/www.danielmendelsohn.com\/francaise\/livres\/trois-anneaux","title":{"rendered":"Trois Anneaux"},"content":{"rendered":"<div class=\"boxplain\">\n<table border=\"0\" cellspacing=\"0\" cellpadding=\"0\" width=\"835\">\n<tbody>\n<tr>\n<td width=\"30\" valign=\"top\"><\/td>\n<td width=\"275\" valign=\"top\"><img loading=\"lazy\" decoding=\"async\" class=\"alignleft size-full wp-image-94\" style=\"margin: 0px;\" title=\"cover_the-lost\" src=\"http:\/\/www.danielmendelsohn.com\/TroisAnneaux cover.jpg\" alt=\"Trois Anneaux\" width=\"275\" height=\"443\" \/><\/p>\n<div id=\"divright\">\n<span class=\"smalltextright\">FLAMMARION, 2020 <\/div>\n<p><img loading=\"lazy\" decoding=\"async\" src=\"http:\/\/www.danielmendelsohn.com\/spacer.png\" width=\"275\" height=\"5\" style=\"margin: 0px;\"\/><br \/>\n<a href=\"https:\/\/www.amazon.fr\/Trois-anneaux-dexils-Daniel-Mendelsohn\/dp\/208151382X\/ref=sr_1_1?__mk_fr_FR=\u00c5M\u00c5\u017d\u00d5\u00d1&#038;dchild=1&#038;keywords=mendelsohn+trois+anneaux&#038;qid=1599603851&#038;sr=8-1\"><img loading=\"lazy\" decoding=\"async\" class=\"alignleft size-full wp-image-97\" style=\"margin: 0px;\" title=\"book_nav_praise\" src=\"http:\/\/www.danielmendelsohn.com\/book_nav_fr_02.jpg\" alt=\"\" width=\"275\" height=\"32\" \/><\/a><br \/>\n<a href=\"https:\/\/livre.fnac.com\/a14854710\/Daniel-Mendelsohn-Trois-anneaux\"><img loading=\"lazy\" decoding=\"async\" class=\"alignleft size-full wp-image-97\" style=\"margin: 0px;\" title=\"book_nav_praise\" src=\"http:\/\/www.danielmendelsohn.com\/book_nav_fr_03.jpg\" alt=\"\" width=\"275\" height=\"32\" \/><\/a>\n<\/td>\n<td width=\"31\" valign=\"top\"><\/td>\n<td width=\"469\" valign=\"top\">\n<span class=\"title\">TROIS ANNEAUX<\/span><br \/>\n<img loading=\"lazy\" decoding=\"async\" style=\"margin: 0px;\" src=\"http:\/\/www.danielmendelsohn.com\/spacer.png\" alt=\"\" width=\"429\" height=\"20\" \/><br \/>\n<span class=\"subtext\"><em>traduit de l&#8217;am\u00e9ricain par Isabelle Taudi\u00e8re<\/em><\/span><br \/>\n<img loading=\"lazy\" decoding=\"async\" style=\"margin: 0px;\" src=\"http:\/\/www.danielmendelsohn.com\/spacer.png\" alt=\"\" width=\"429\" height=\"20\" \/><\/p>\n<p>Dans ce r\u00e9cit aux mille tours, Daniel Mendelsohn explore les correspondances myst\u00e9rieuses entre le hasard qui r\u00e9git nos existences et l&#8217;art des r\u00e9cits que nous en formons. Trois anneaux commence par raconter l&#8217;histoire de trois \u00e9crivains en exil qui se sont tourn\u00e9s vers les classiques du pass\u00e9 pour cr\u00e9er leurs propres chefs-d&#8217;oeuvre. Erich Auerbach, le philologue juif qui fuit l&#8217;Allemagne nazie pour \u00e9crire sa grande \u00e9tude de la litt\u00e9rature europ\u00e9enne, Mim\u00e9sis, \u00e0 Istanbul. Fran\u00e7ois F\u00e9nelon, l&#8217;\u00e9v\u00eaque du XVIIe si\u00e8cle, auteur d&#8217;une merveilleuse suite de l&#8217;Odyss\u00e9e, Les Aventures de T\u00e9l\u00e9maque, best-seller de son \u00e9poque, qui lui valut le bannissement. Et l&#8217;\u00e9crivain allemand W.G. Sebald, qui s&#8217;exila en Angleterre, et dont les r\u00e9cits si singuliers explorent les th\u00e8mes du d\u00e9placement et de la nostalgie. \u00c0 ce conte d&#8217;exils, Daniel Mendelsohn ajoute sa propre voix, entrela\u00e7ant l&#8217;histoire de la crise qu&#8217;il traversa entre l&#8217;\u00e9criture de la grande fresque m\u00e9morielle des Disparus et celle du r\u00e9cit intimiste d&#8217;Une Odyss\u00e9e. L&#8217;\u00ab art po\u00e9tique \u00bb qui en r\u00e9sulte est un hommage aux mondes grecs et juifs, un trait d&#8217;union entre Orient et Occident et une ode \u00e0 la litt\u00e9rature fran\u00e7aise.<\/p>\n<p><img loading=\"lazy\" decoding=\"async\" src=\"http:\/\/www.danielmendelsohn.com\/spacer.png\" width=\"429\" height=\"30\" style=\"margin: 0px;\"\/><\/p>\n<p><span class=\"subtitle\">PRESSE<\/span><\/p>\n<p><img loading=\"lazy\" decoding=\"async\" src=\"http:\/\/www.danielmendelsohn.com\/spacer.png\" width=\"429\" height=\"20\" style=\"margin: 0px;\"\/><\/p>\n<p>\u00abUn livre qui se pr\u00e9sente comme un essai sur la narration, mais cache en son coeur <strong>une m\u00e9ditation puissante et \u00e9mouvante sur la fragile immortalit\u00e9 de la litt\u00e9rature<\/strong>, les mille et un dangers qui menacent les textes, mais d\u2019abord ceux qui p\u00e8sent sur les \u00e9crivains \u2013 et les circonstances historiques qui orientent leurs euvres&#8230; Daniel Mendelsohn tresse un ouvrage <strong>savant et accessible, th\u00e9orique et intime<\/strong>. Il y glisse avec une gr\u00e2ce extraordinaire d\u2019une r\u00e9f\u00e9rence \u00e0 l\u2019autre, d\u2019un sujet \u00e0 l\u2019autre, en s\u2019appuyant sur des co\u00efncidences, des images ou des th\u00e8mes discr\u00e8tement r\u00e9currents..<strong>[Un] livre bigrement brillant<\/strong>.\u00bb<br \/>\n<span class=\"attrib\">\u2014Rapha\u00eblle Leyris, <em>Le Monde<\/em><\/span><\/p>\n<p><img loading=\"lazy\" decoding=\"async\" src=\"http:\/\/www.danielmendelsohn.com\/spacer.png\" width=\"429\" height=\"10\" style=\"margin: 0px;\"\/><\/p>\n<p>&#8220;Il [fait] revenir ses th\u00e8mes avec l&#8217;aisance d&#8217;une P\u00e9n\u00e9lope tramant sa toile&#8230;Mendelsohn chemine avec maestria d&#8217;Istanbul \u00e0 Berlin, ,et de Paris \u00e0 New York, en passant par Troie et Ithaque. Difficile d&#8217;\u00e9clairer avec plus de gr\u00e2ce ces trente si\u00e8cles d&#8217;histoire litt\u00e9raire: <strong>toute une biblioth\u00e8que tient dans ces 200 pages, plus l\u00e9g\u00e8res qu&#8217;une tablette, aussi riches en p\u00e9pites que le fleuve Pactole<\/strong>.&#8221;<br \/>\n<span class=\"attrib\">\u2014Claude Arnaud, <em>Le Point<\/em><\/span><\/p>\n<p>\u00abLivre apr\u00e8s livre, celui-ci s&#8217;affirme dans notre champ culturel comme <strong>un successeur du d\u00e9j\u00e0 regrett\u00e9 George Steiner<\/strong>..<em>&#8230; Mendelsohn revenant encore une fois \u00e0 <em>l&#8217;Odyss\u00e9e<\/em> s&#8217;attache \u00e0 ce qu&#8217;il est, la matrice du r\u00e9cit d&#8217;exils par excellence. Il d\u00e9vide cette histoire \u00e0 travers tous ceux qui d&#8217;une fa\u00e7on ou d&#8217;une autre, toujours essentielle, au cours de l&#8217;Histoire, eurent \u00e0 le vivre et \u00e0 l&#8217;\u00e9crier: F\u00e9nelon d&#8217;abord, puis Proust, Auerbach et enfin Sebald. Il y r\u00e9v\u00e8le notamment la mani\u00e8re concentrique, faites d&#8217;aller et retours, d&#8217;anneaux narratifs qui finissent par se rejoindre, dont ces oeuvres se sont constitu\u00e9es, sans que le lecteur en ait toujours conscience.\u00a0Il en r\u00e9sulte <strong>une intelligence de lecture \u00e0 nulle autre pareille, quelque chose comme un passionnant thriller stylistique<\/strong>.\u00bb<br \/>\n<span class=\"attrib\">\u2014Olivier Mony, <em>Livres Hebdo<\/em><\/span><\/p>\n<p><img loading=\"lazy\" decoding=\"async\" src=\"http:\/\/www.danielmendelsohn.com\/spacer.png\" width=\"429\" height=\"10\" style=\"margin: 0px;\"\/><\/p>\n<p><img loading=\"lazy\" decoding=\"async\" src=\"http:\/\/www.danielmendelsohn.com\/spacer.png\" width=\"429\" height=\"10\" style=\"margin: 0px;\"\/><\/p>\n<\/td>\n<td width=\"30\" valign=\"top\"><\/td>\n<\/tr>\n<\/tbody>\n<\/table>\n<\/div>\n<p><img loading=\"lazy\" decoding=\"async\" src=\"http:\/\/www.danielmendelsohn.com\/spacer.png\" width=\"350\" height=\"25\" style=\"margin: 0px;\"\/> <\/p>\n","protected":false},"excerpt":{"rendered":"<p>FLAMMARION, 2020 TROIS ANNEAUX traduit de l&#8217;am\u00e9ricain par Isabelle Taudi\u00e8re Dans ce r\u00e9cit aux mille tours, Daniel Mendelsohn explore les correspondances myst\u00e9rieuses entre le hasard qui r\u00e9git nos existences et l&#8217;art des r\u00e9cits que nous en formons. Trois anneaux commence par raconter l&#8217;histoire de trois \u00e9crivains en exil qui se sont tourn\u00e9s vers les classiques [&hellip;]<\/p>\n","protected":false},"author":1,"featured_media":0,"parent":6,"menu_order":0,"comment_status":"closed","ping_status":"closed","template":"onecolumn-page.php","meta":{"footnotes":""},"class_list":["post-416","page","type-page","status-publish","hentry"],"_links":{"self":[{"href":"https:\/\/www.danielmendelsohn.com\/francaise\/wp-json\/wp\/v2\/pages\/416","targetHints":{"allow":["GET"]}}],"collection":[{"href":"https:\/\/www.danielmendelsohn.com\/francaise\/wp-json\/wp\/v2\/pages"}],"about":[{"href":"https:\/\/www.danielmendelsohn.com\/francaise\/wp-json\/wp\/v2\/types\/page"}],"author":[{"embeddable":true,"href":"https:\/\/www.danielmendelsohn.com\/francaise\/wp-json\/wp\/v2\/users\/1"}],"replies":[{"embeddable":true,"href":"https:\/\/www.danielmendelsohn.com\/francaise\/wp-json\/wp\/v2\/comments?post=416"}],"version-history":[{"count":15,"href":"https:\/\/www.danielmendelsohn.com\/francaise\/wp-json\/wp\/v2\/pages\/416\/revisions"}],"predecessor-version":[{"id":475,"href":"https:\/\/www.danielmendelsohn.com\/francaise\/wp-json\/wp\/v2\/pages\/416\/revisions\/475"}],"up":[{"embeddable":true,"href":"https:\/\/www.danielmendelsohn.com\/francaise\/wp-json\/wp\/v2\/pages\/6"}],"wp:attachment":[{"href":"https:\/\/www.danielmendelsohn.com\/francaise\/wp-json\/wp\/v2\/media?parent=416"}],"curies":[{"name":"wp","href":"https:\/\/api.w.org\/{rel}","templated":true}]}}