{"id":419,"date":"2020-09-08T19:38:24","date_gmt":"2020-09-08T19:38:24","guid":{"rendered":"http:\/\/www.danielmendelsohn.com\/francaise\/?page_id=419"},"modified":"2020-09-08T21:52:07","modified_gmt":"2020-09-08T21:52:07","slug":"une-odyssee","status":"publish","type":"page","link":"https:\/\/www.danielmendelsohn.com\/francaise\/livres\/une-odyssee","title":{"rendered":"Une Odyss\u00e9e"},"content":{"rendered":"<div class=\"boxplain\">\n<table border=\"0\" cellspacing=\"0\" cellpadding=\"0\" width=\"835\">\n<tbody>\n<tr>\n<td width=\"30\" valign=\"top\"><\/td>\n<td width=\"275\" valign=\"top\"><img loading=\"lazy\" decoding=\"async\" class=\"alignleft size-full wp-image-94\" style=\"margin: 0px;\" title=\"cover_the-lost\" src=\"http:\/\/www.danielmendelsohn.com\/une odyssee pb cover.jpg\" alt=\"One Odyss\u00e9e\" width=\"275\" height=\"443\" \/><\/p>\n<div id=\"divright\">\n<span class=\"smalltextright\">FLAMMARION, 2017<br \/>\n<span class=\"smalltextright\">J&#8217;AI LU, 2018<\/span><\/div>\n<p><img loading=\"lazy\" decoding=\"async\" src=\"http:\/\/www.danielmendelsohn.com\/spacer.png\" width=\"275\" height=\"5\" style=\"margin: 0px;\"\/><br \/>\n<a href=\"https:\/\/www.amazon.fr\/Une-Odyss\u00e9e-p\u00e8re-fils-\u00e9pop\u00e9e\/dp\/2290164763\/ref=tmm_other_meta_binding_swatch_0?_encoding=UTF8&#038;qid=&#038;sr=\"><img loading=\"lazy\" decoding=\"async\" class=\"alignleft size-full wp-image-97\" style=\"margin: 0px;\" title=\"book_nav_praise\" src=\"http:\/\/www.danielmendelsohn.com\/book_nav_fr_02.jpg\" alt=\"\" width=\"275\" height=\"32\" \/><\/a><br \/>\n<a href=\"https:\/\/livre.fnac.com\/a10659624\/Daniel-Mendelsohn-Une-Odyssee\"><img loading=\"lazy\" decoding=\"async\" class=\"alignleft size-full wp-image-97\" style=\"margin: 0px;\" title=\"book_nav_praise\" src=\"http:\/\/www.danielmendelsohn.com\/book_nav_fr_03.jpg\" alt=\"\" width=\"275\" height=\"32\" \/><\/a>\n<\/td>\n<td width=\"31\" valign=\"top\"><\/td>\n<td width=\"469\" valign=\"top\">\n<span class=\"title\">UNE ODYSS\u00c9E<\/span><br \/>\n<img loading=\"lazy\" decoding=\"async\" style=\"margin: 0px;\" src=\"http:\/\/www.danielmendelsohn.com\/spacer.png\" alt=\"\" width=\"429\" height=\"20\" \/><br \/>\n<span class=\"subtext\"><em>traduit de l&#8217;am\u00e9ricain par Isabelle Taudi\u00e8re et Clotilde Meyer<\/em><\/span><br \/>\n<img loading=\"lazy\" decoding=\"async\" style=\"margin: 0px;\" src=\"http:\/\/www.danielmendelsohn.com\/spacer.png\" alt=\"\" width=\"429\" height=\"20\" \/><\/p>\n<p>PRIX TRANSFUGE 2017 DU MEILLEUR LIVRE AM\u00c9RICAIN<br \/>\nPRIX M\u00c9DITERRAN\u00c9E \u00c9TRANGER 2018<\/p>\n<p><img loading=\"lazy\" decoding=\"async\" src=\"http:\/\/www.danielmendelsohn.com\/spacer.png\" width=\"429\" height=\"30\" style=\"margin: 0px;\"\/><\/p>\n<p>Lorsque Jay Mendelsohn, \u00e2g\u00e9 de quatre-vingt-un ans, d\u00e9cide de suivre le s\u00e9minaire que son fils Daniel consacre \u00e0 l&#8217;Odyss\u00e9e d&#8217;Hom\u00e8re, p\u00e8re et fils commencent un p\u00e9riple de grande ampleur. Ils s&#8217;affrontent dans la salle de classe, puis se d\u00e9couvrent pendant les dix jours d&#8217;une croisi\u00e8re th\u00e9matique sur les traces d&#8217;Ulysse. Croisant les th\u00e8mes de l&#8217;enfance et de la mort, de l&#8217;amour et du voyage, de la filiation et de la transmission, cette exploration fascinante de l&#8217;Odyss\u00e9e fait \u00e9cho au r\u00e9cit merveilleux de la red\u00e9couverte mutuelle d&#8217;un p\u00e8re et de son fils. <\/p>\n<p><img loading=\"lazy\" decoding=\"async\" src=\"http:\/\/www.danielmendelsohn.com\/spacer.png\" width=\"429\" height=\"30\" style=\"margin: 0px;\"\/><\/p>\n<p><span class=\"subtitle\">PRESSE<\/span><\/p>\n<p><img loading=\"lazy\" decoding=\"async\" src=\"http:\/\/www.danielmendelsohn.com\/spacer.png\" width=\"429\" height=\"20\" style=\"margin: 0px;\"\/><\/p>\n<p>\u00abInclassables, \u00ab Les disparus \u00bb l&#8217;\u00e9taient d\u00e9j\u00e0. \u00ab Une odyss\u00e9e \u00bb l&#8217;est encore davantage, qui invente un nouveau cocktail : cours didactique o\u00f9 Mendelsohn nous r\u00e9v\u00e8le les secrets du texte hom\u00e9rique, litt\u00e9rature de voyage, roman du p\u00e8re, tous les ingr\u00e9dients sont bien dos\u00e9s..\u00a0le voyage, nous menant des amphis new-yorkais \u00e0 la grotte de Calypso, est si enchanteur qu&#8217;on aimerait qu&#8217;il ait<br \/>\ndur\u00e9 plus longtemps.\u00bb<br \/>\n<span class=\"attrib\">\u2014<em>Le Point<\/em><\/span><\/p>\n<p><img loading=\"lazy\" decoding=\"async\" src=\"http:\/\/www.danielmendelsohn.com\/spacer.png\" width=\"429\" height=\"20\" style=\"margin: 0px;\"\/><\/p>\n<p>\u00abMagnifique hommage aux classiques&#8230;Les couleurs du livre sont automnales, toutes en nuances, et ses secrets sont si minces qu&#8217;ils r\u00e9v\u00e8lent surtout de fausses \u00e9nigmes Le coeur du livre se d\u00e9place du roman familial vers cet improbable seminaire, \u00e9tonnante exp\u00e9rience de lecture collective et dec onstitution d&#8217;unsavoir sur la vie. Qu&#8217;est ce qu&#8217;un voyage? Qu&#8217;est ce que l&#8217;entente entre deux \u00eatres? Comment reconna\u00eet-on autrui? Peu d&#8217;ouvrages savants offrent des analyses aussi lumineuses de <em>L&#8217;Odyss\u00e9e<\/em>&#8230;\u00bb<br \/>\n<span class=\"attrib\">\u2014<em>Philosophie<\/em><\/span><\/p>\n<p><img loading=\"lazy\" decoding=\"async\" src=\"http:\/\/www.danielmendelsohn.com\/spacer.png\" width=\"429\" height=\"20\" style=\"margin: 0px;\"\/><\/p>\n<p>\u00abQu&#8217;est-ce qu&#8217;\u00eatre un p\u00e8re, un fils, quels liens les unissent7 C&#8217;est aussi le questionnement autobiographique et bouleversant qu&#8217;entrelace Daniel Mendelsohn \u00e0 sa passionnante analyse litt\u00e9raire de L&#8217;Odyss\u00e9e&#8230;Tel T\u00e9l\u00e9maque, Daniel Mendelsohn cherche son pere. Ma\u00ees la beaut\u00e9 profonde et grave de son r\u00e9cit non d\u00e9pourvu d&#8217;humour &#8211; le p\u00e8re n&#8217;appara\u00eet jamais aux autres comme il cro\u00eet le conna\u00eetre &#8211; est qu il \u00e9l\u00e8ve \u00e0 l&#8217;universel ce face-\u00e0-face.\u00bb<br \/>\n<span class=\"attrib\">\u2014<em>T\u00e9l\u00e9rama<\/em><\/span><\/p>\n<p><img loading=\"lazy\" decoding=\"async\" src=\"http:\/\/www.danielmendelsohn.com\/spacer.png\" width=\"429\" height=\"20\" style=\"margin: 0px;\"\/><\/p>\n<p>\u00abL&#8217;enchev\u00eatrement des r\u00e9cits confond le lecteur \u00e0 chaque page. Le voici \u00e0 son tour parmi les \u00e9tudiants, assistant \u00e0 un cours pour<br \/>\nle moins magistral sur l&#8217;Odyss\u00e9e. Un cours en forme de r\u00e9cit d&#8217;initiation, reprenant chacun des chants d&#8217;Hom\u00e8re. Mendelsohn en joue en virtuose&#8230;L&#8217;Odyss\u00e9e d&#8217;Hom\u00e8re offre le spectacle de la vie, tout simplement. <em>Une Odyss\u00e9e<\/em>, de Daniel Mendelsohn, qui en rend le sens lumineux, provoque une irr\u00e9sistible envie de le lire ou le relire.\u00bb<br \/>\n<span class=\"attrib\">\u2014<em>Marianne<\/em><\/span><\/p>\n<p><img loading=\"lazy\" decoding=\"async\" src=\"http:\/\/www.danielmendelsohn.com\/spacer.png\" width=\"429\" height=\"20\" style=\"margin: 0px;\"\/><\/p>\n<p>\u00abA chaque livre, l&#8217;\u00e9crivain Daniel Mendelsohn s&#8217;engage un peu plus loin dans l&#8217;aventure litt\u00e9raire. Le narrateur r\u00e9v\u00e8l\u00e9 \u00e0 lui-m\u00eame \u00e0 travers un pass\u00e9 \u00e9vanoui qu&#8217;il n&#8217;a cess\u00e9 de faire revivre&#8211;n&#8217;est ce pas la m\u00eame matrice que celle de <em>La Recherche<\/em>?\u00bb<br \/>\n<span class=\"attrib\">\u2014<em>l&#8217;Officiel Hommes<\/em><\/span><\/p>\n<p><img loading=\"lazy\" decoding=\"async\" src=\"http:\/\/www.danielmendelsohn.com\/spacer.png\" width=\"429\" height=\"10\" style=\"margin: 0px;\"\/><\/p>\n<\/td>\n<td width=\"30\" valign=\"top\"><\/td>\n<\/tr>\n<\/tbody>\n<\/table>\n<\/div>\n<p><img loading=\"lazy\" decoding=\"async\" src=\"http:\/\/www.danielmendelsohn.com\/spacer.png\" width=\"350\" height=\"25\" style=\"margin: 0px;\"\/> <\/p>\n","protected":false},"excerpt":{"rendered":"<p>FLAMMARION, 2017 J&#8217;AI LU, 2018 UNE ODYSS\u00c9E traduit de l&#8217;am\u00e9ricain par Isabelle Taudi\u00e8re et Clotilde Meyer PRIX TRANSFUGE 2017 DU MEILLEUR LIVRE AM\u00c9RICAIN PRIX M\u00c9DITERRAN\u00c9E \u00c9TRANGER 2018 Lorsque Jay Mendelsohn, \u00e2g\u00e9 de quatre-vingt-un ans, d\u00e9cide de suivre le s\u00e9minaire que son fils Daniel consacre \u00e0 l&#8217;Odyss\u00e9e d&#8217;Hom\u00e8re, p\u00e8re et fils commencent un p\u00e9riple de grande [&hellip;]<\/p>\n","protected":false},"author":1,"featured_media":0,"parent":6,"menu_order":0,"comment_status":"closed","ping_status":"closed","template":"onecolumn-page.php","meta":{"footnotes":""},"class_list":["post-419","page","type-page","status-publish","hentry"],"_links":{"self":[{"href":"https:\/\/www.danielmendelsohn.com\/francaise\/wp-json\/wp\/v2\/pages\/419","targetHints":{"allow":["GET"]}}],"collection":[{"href":"https:\/\/www.danielmendelsohn.com\/francaise\/wp-json\/wp\/v2\/pages"}],"about":[{"href":"https:\/\/www.danielmendelsohn.com\/francaise\/wp-json\/wp\/v2\/types\/page"}],"author":[{"embeddable":true,"href":"https:\/\/www.danielmendelsohn.com\/francaise\/wp-json\/wp\/v2\/users\/1"}],"replies":[{"embeddable":true,"href":"https:\/\/www.danielmendelsohn.com\/francaise\/wp-json\/wp\/v2\/comments?post=419"}],"version-history":[{"count":14,"href":"https:\/\/www.danielmendelsohn.com\/francaise\/wp-json\/wp\/v2\/pages\/419\/revisions"}],"predecessor-version":[{"id":438,"href":"https:\/\/www.danielmendelsohn.com\/francaise\/wp-json\/wp\/v2\/pages\/419\/revisions\/438"}],"up":[{"embeddable":true,"href":"https:\/\/www.danielmendelsohn.com\/francaise\/wp-json\/wp\/v2\/pages\/6"}],"wp:attachment":[{"href":"https:\/\/www.danielmendelsohn.com\/francaise\/wp-json\/wp\/v2\/media?parent=419"}],"curies":[{"name":"wp","href":"https:\/\/api.w.org\/{rel}","templated":true}]}}